{"id":500,"date":"2026-03-17T17:48:00","date_gmt":"2026-03-17T17:48:00","guid":{"rendered":"https:\/\/comparya.com\/?page_id=500"},"modified":"2026-03-22T12:32:42","modified_gmt":"2026-03-22T12:32:42","slug":"conditions-generales-dutilisation","status":"publish","type":"page","link":"https:\/\/comparya.com\/index.php\/conditions-generales-dutilisation\/","title":{"rendered":"Conditions G\u00e9n\u00e9rales d&#8217;utilisation"},"content":{"rendered":"\t\t<div data-elementor-type=\"wp-page\" data-elementor-id=\"500\" class=\"elementor elementor-500\">\n\t\t\t\t<div class=\"elementor-element elementor-element-a1a95db e-con-full e-flex e-con e-parent\" data-id=\"a1a95db\" data-element_type=\"container\" data-e-type=\"container\" data-settings=\"{&quot;background_background&quot;:&quot;classic&quot;}\">\n\t\t\t\t<\/div>\n\t\t<div class=\"elementor-element elementor-element-33402f5c e-flex e-con-boxed e-con e-parent\" data-id=\"33402f5c\" data-element_type=\"container\" data-e-type=\"container\">\n\t\t\t\t\t<div class=\"e-con-inner\">\n\t\t<div class=\"elementor-element elementor-element-6eb20c7a e-con-full e-flex e-con e-child\" data-id=\"6eb20c7a\" data-element_type=\"container\" data-e-type=\"container\">\n\t\t\t\t<div class=\"elementor-element elementor-element-63527a18 elementor-widget elementor-widget-heading\" data-id=\"63527a18\" data-element_type=\"widget\" data-e-type=\"widget\" data-widget_type=\"heading.default\">\n\t\t\t\t\t<h1 class=\"elementor-heading-title elementor-size-default\">Conditions G\u00e9n\u00e9rales d'Utilisation<\/h1>\t\t\t\t<\/div>\n\t\t\t\t<div class=\"elementor-element elementor-element-ea1b275 elementor-widget elementor-widget-text-editor\" data-id=\"ea1b275\" data-element_type=\"widget\" data-e-type=\"widget\" data-widget_type=\"text-editor.default\">\n\t\t\t\t\t\t\t\t\t<p>Date de derni\u00e8re mise \u00e0 jour :\u00a017\/03\/2026<\/p>\t\t\t\t\t\t\t\t<\/div>\n\t\t\t\t<div class=\"elementor-element elementor-element-3ac20451 elementor-widget elementor-widget-heading\" data-id=\"3ac20451\" data-element_type=\"widget\" data-e-type=\"widget\" data-widget_type=\"heading.default\">\n\t\t\t\t\t<h3 class=\"elementor-heading-title elementor-size-default\">Article 1 - Objet<\/h3>\t\t\t\t<\/div>\n\t\t\t\t<div class=\"elementor-element elementor-element-6db191df elementor-widget elementor-widget-text-editor\" data-id=\"6db191df\" data-element_type=\"widget\" data-e-type=\"widget\" data-widget_type=\"text-editor.default\">\n\t\t\t\t\t\t\t\t\t<p class=\"Paragraphe\"><span lang=\"FR\">L&#8217;\u00e9dition du site www.comparya.com est assur\u00e9e par la Soci\u00e9t\u00e9 INC MNET GROUPE au capital de 5000 euros, immatricul\u00e9e au RCS de LAVAL sous le num\u00e9ro 1173148413, dont le si\u00e8ge social est situ\u00e9 au 1876 boulevard des Laurentides suite 207 H7M2S4 LAVAL CANADA<\/span><\/p><p class=\"Paragraphe\"><span lang=\"FR\">Num\u00e9ro de t\u00e9l\u00e9phone +1 438-763-5006<\/span><\/p><p class=\"Paragraphe\"><span lang=\"FR\">Adresse e-mail : contact @ mnetgroupe.com.<\/span><\/p><p class=\"Paragraphe\"><span lang=\"FR\">Le Directeur de la publication est : Gabriel GOURMET<\/span><\/p><p class=\"Paragraphe\"><span lang=\"FR\">\u00a0<\/span><\/p><p class=\"Paragraphe\"><span lang=\"FR\">L&#8217;h\u00e9bergeur du site www.comparya.com est la soci\u00e9t\u00e9 INMOTION HOSTING, dont le si\u00e8ge social est situ\u00e9 au Dr. Karsten Kinast, LL.M., either at the address KINAST Rechtsanwaltsgesellschaft mbH, Hohenzollernring 54, 50672 Cologne, avec le num\u00e9ro de t\u00e9l\u00e9phone : +49 (89) 3564717-71.<\/span><\/p>\t\t\t\t\t\t\t\t<\/div>\n\t\t\t\t<div class=\"elementor-element elementor-element-2ad753b1 elementor-widget elementor-widget-heading\" data-id=\"2ad753b1\" data-element_type=\"widget\" data-e-type=\"widget\" data-widget_type=\"heading.default\">\n\t\t\t\t\t<h3 class=\"elementor-heading-title elementor-size-default\">Article 2 - Acceptation des CGU<\/h3>\t\t\t\t<\/div>\n\t\t\t\t<div class=\"elementor-element elementor-element-35f05951 elementor-widget elementor-widget-text-editor\" data-id=\"35f05951\" data-element_type=\"widget\" data-e-type=\"widget\" data-widget_type=\"text-editor.default\">\n\t\t\t\t\t\t\t\t\t<p>L&#8217;acc\u00e8s et l&#8217;utilisation du site impliquent l&#8217;acceptation pleine et enti\u00e8re des pr\u00e9sentes CGU. Si vous n&#8217;acceptez pas ces conditions, nous vous demandons de ne pas utiliser ce site.<\/p>\t\t\t\t\t\t\t\t<\/div>\n\t\t\t\t<div class=\"elementor-element elementor-element-444c34de elementor-widget elementor-widget-heading\" data-id=\"444c34de\" data-element_type=\"widget\" data-e-type=\"widget\" data-widget_type=\"heading.default\">\n\t\t\t\t\t<h3 class=\"elementor-heading-title elementor-size-default\">Article 3 - Acc\u00e8s au site<\/h3>\t\t\t\t<\/div>\n\t\t\t\t<div class=\"elementor-element elementor-element-1739085a elementor-widget elementor-widget-text-editor\" data-id=\"1739085a\" data-element_type=\"widget\" data-e-type=\"widget\" data-widget_type=\"text-editor.default\">\n\t\t\t\t\t\t\t\t\t<p>Le site www.comparya.com\u00a0 permet \u00e0 l&#8217;Utilisateur un acc\u00e8s gratuit aux services suivants :<\/p><p>Le site internet propose les services suivants :<\/p><p>Site comparateur de produits d&#8217;assurances et services banquiers.<\/p><p>Le site est accessible gratuitement en tout lieu \u00e0 tout Utilisateur ayant un acc\u00e8s \u00e0 Internet. Tous les frais support\u00e9s par l&#8217;Utilisateur pour acc\u00e9der au service (mat\u00e9riel informatique, logiciels, connexion Internet, etc.) sont \u00e0 sa charge.<\/p>\t\t\t\t\t\t\t\t<\/div>\n\t\t\t\t<div class=\"elementor-element elementor-element-3ffd660 elementor-widget elementor-widget-heading\" data-id=\"3ffd660\" data-element_type=\"widget\" data-e-type=\"widget\" data-widget_type=\"heading.default\">\n\t\t\t\t\t<h3 class=\"elementor-heading-title elementor-size-default\">Article 4 - Nature du service<\/h3>\t\t\t\t<\/div>\n\t\t\t\t<div class=\"elementor-element elementor-element-4ad8269a elementor-widget elementor-widget-text-editor\" data-id=\"4ad8269a\" data-element_type=\"widget\" data-e-type=\"widget\" data-widget_type=\"text-editor.default\">\n\t\t\t\t\t\t\t\t\t<p class=\"text-muted-foreground leading-relaxed mb-4\">Comparya est un site d&#8217;information sur l&#8217;assurance habitation en France. Il fournit des informations g\u00e9n\u00e9rales et des guides pratiques \u00e0 titre informatif uniquement.<\/p><p class=\"text-muted-foreground leading-relaxed\">Les informations fournies ne constituent en aucun cas un conseil juridique, financier ou contractuel. Pour toute souscription d&#8217;assurance, l&#8217;utilisateur doit consulter directement les assureurs ou un courtier agr\u00e9\u00e9.<\/p>\t\t\t\t\t\t\t\t<\/div>\n\t\t\t\t<div class=\"elementor-element elementor-element-2d4cfd98 elementor-widget elementor-widget-heading\" data-id=\"2d4cfd98\" data-element_type=\"widget\" data-e-type=\"widget\" data-widget_type=\"heading.default\">\n\t\t\t\t\t<h3 class=\"elementor-heading-title elementor-size-default\">Article 5 - Collecte des donn\u00e9es<\/h3>\t\t\t\t<\/div>\n\t\t\t\t<div class=\"elementor-element elementor-element-70dde48d elementor-widget elementor-widget-text-editor\" data-id=\"70dde48d\" data-element_type=\"widget\" data-e-type=\"widget\" data-widget_type=\"text-editor.default\">\n\t\t\t\t\t\t\t\t\t<p>Le site assure \u00e0 l&#8217;Utilisateur une collecte et un traitement d&#8217;informations personnelles dans le respect de la vie priv\u00e9e conform\u00e9ment \u00e0 la loi n\u00b078-17 du 6 janvier 1978 relative \u00e0 l&#8217;informatique, aux fichiers et aux libert\u00e9s.<\/p><p>\u00a0<\/p><p>\u00a0<\/p><p>En vertu de la loi Informatique et Libert\u00e9s, en date du 6 janvier 1978, l&#8217;Utilisateur dispose d&#8217;un droit d&#8217;acc\u00e8s, de rectification, de suppression et d&#8217;opposition de ses donn\u00e9es personnelles. L&#8217;Utilisateur exerce ce droit :<\/p><ul><li>par mail \u00e0 l&#8217;adresse email dpo @ comparya.com<\/li><li>via un formulaire de contact ;<\/li><\/ul><p class=\"text-muted-foreground leading-relaxed mt-4\">Pour plus d&#8217;informations sur la collecte et le traitement de vos donn\u00e9es personnelles, veuillez consulter notre\u00a0<a class=\"text-primary hover:underline\" href=\"https:\/\/fdit673d2cmuu.mocha.app\/charte-rgpd\" data-discover=\"true\">Charte RGPD<\/a>.<\/p>\t\t\t\t\t\t\t\t<\/div>\n\t\t\t\t<div class=\"elementor-element elementor-element-43836a48 elementor-widget elementor-widget-heading\" data-id=\"43836a48\" data-element_type=\"widget\" data-e-type=\"widget\" data-widget_type=\"heading.default\">\n\t\t\t\t\t<h3 class=\"elementor-heading-title elementor-size-default\">Article 6 - Propri\u00e9t\u00e9 intellectuelle\n<\/h3>\t\t\t\t<\/div>\n\t\t\t\t<div class=\"elementor-element elementor-element-6a98be32 elementor-widget elementor-widget-text-editor\" data-id=\"6a98be32\" data-element_type=\"widget\" data-e-type=\"widget\" data-widget_type=\"text-editor.default\">\n\t\t\t\t\t\t\t\t\t<p class=\"Paragraphe\"><span lang=\"FR\">Les marques, logos, signes ainsi que tous les contenus du site (textes, images, son\u2026) font l&#8217;objet d&#8217;une protection par le Code de la propri\u00e9t\u00e9 intellectuelle et plus particuli\u00e8rement par le droit d&#8217;auteur.<\/span><\/p><p class=\"Paragraphe\"><span lang=\"FR\">\u00a0<\/span><\/p><p class=\"Paragraphe\"><span lang=\"FR\">L&#8217;Utilisateur doit solliciter l&#8217;autorisation pr\u00e9alable du site pour toute reproduction, publication, copie des diff\u00e9rents contenus. Il s&#8217;engage \u00e0 une utilisation des contenus du site dans un cadre strictement priv\u00e9, toute utilisation \u00e0 des fins commerciales et publicitaires est strictement interdite.<\/span><\/p><p class=\"Paragraphe\"><span lang=\"FR\">\u00a0<\/span><\/p><p class=\"Paragraphe\"><span lang=\"FR\">Toute repr\u00e9sentation totale ou partielle de ce site par quelque proc\u00e9d\u00e9 que ce soit, sans l\u2019autorisation expresse de l\u2019exploitant du site Internet constituerait une contrefa\u00e7on sanctionn\u00e9e par l\u2019article L 335-2 et suivants du Code de la propri\u00e9t\u00e9 intellectuelle.<\/span><\/p><p class=\"Paragraphe\"><span lang=\"FR\">\u00a0<\/span><\/p><p class=\"Paragraphe\"><span lang=\"FR\">Il est rappel\u00e9 conform\u00e9ment \u00e0 l\u2019article L122-5 du Code de propri\u00e9t\u00e9 intellectuelle que l\u2019Utilisateur qui reproduit, copie ou publie le contenu prot\u00e9g\u00e9 doit citer l\u2019auteur et sa source.<\/span><\/p>\t\t\t\t\t\t\t\t<\/div>\n\t\t\t\t<div class=\"elementor-element elementor-element-6eed66fa elementor-widget elementor-widget-heading\" data-id=\"6eed66fa\" data-element_type=\"widget\" data-e-type=\"widget\" data-widget_type=\"heading.default\">\n\t\t\t\t\t<h3 class=\"elementor-heading-title elementor-size-default\">Article 7 - Responsabilit\u00e9<\/h3>\t\t\t\t<\/div>\n\t\t\t\t<div class=\"elementor-element elementor-element-12b837ba elementor-widget elementor-widget-text-editor\" data-id=\"12b837ba\" data-element_type=\"widget\" data-e-type=\"widget\" data-widget_type=\"text-editor.default\">\n\t\t\t\t\t\t\t\t\t<p class=\"Paragraphe\"><span lang=\"FR\">Les sources des informations diffus\u00e9es sur le site www.comparya.com sont r\u00e9put\u00e9es fiables mais le site ne garantit pas qu\u2019il soit exempt de d\u00e9fauts, d\u2019erreurs ou d\u2019omissions.<\/span><\/p><p class=\"Paragraphe\"><span lang=\"FR\">\u00a0<\/span><\/p><p class=\"Paragraphe\"><span lang=\"FR\">Les informations communiqu\u00e9es sont pr\u00e9sent\u00e9es \u00e0 titre indicatif et g\u00e9n\u00e9ral sans valeur contractuelle. Malgr\u00e9 des mises \u00e0 jour r\u00e9guli\u00e8res, le site www.comparya.com ne peut \u00eatre tenu responsable de la modification des dispositions administratives et juridiques survenant apr\u00e8s la publication. De m\u00eame, le site ne peut \u00eatre tenue responsable de l\u2019utilisation et de l\u2019interpr\u00e9tation de l\u2019information contenue dans ce site.<\/span><\/p><p class=\"Paragraphe\"><span lang=\"FR\">Le site www.comparya.com ne peut \u00eatre tenu pour responsable d\u2019\u00e9ventuels virus qui pourraient infecter l\u2019ordinateur ou tout mat\u00e9riel informatique de l\u2019Internaute, suite \u00e0 une utilisation, \u00e0 l\u2019acc\u00e8s, ou au t\u00e9l\u00e9chargement provenant de ce site.<\/span><\/p><p class=\"Paragraphe\"><span lang=\"FR\">\u00a0<\/span><\/p><p class=\"Paragraphe\"><span lang=\"FR\">La responsabilit\u00e9 du site ne peut \u00eatre engag\u00e9e en cas de force majeure ou du fait impr\u00e9visible et insurmontable d&#8217;un tiers.<\/span><\/p>\t\t\t\t\t\t\t\t<\/div>\n\t\t\t\t<div class=\"elementor-element elementor-element-8459176 elementor-widget elementor-widget-heading\" data-id=\"8459176\" data-element_type=\"widget\" data-e-type=\"widget\" data-widget_type=\"heading.default\">\n\t\t\t\t\t<h3 class=\"elementor-heading-title elementor-size-default\">Article 8 - Modification des CGU<\/h3>\t\t\t\t<\/div>\n\t\t\t\t<div class=\"elementor-element elementor-element-f650969 elementor-widget elementor-widget-text-editor\" data-id=\"f650969\" data-element_type=\"widget\" data-e-type=\"widget\" data-widget_type=\"text-editor.default\">\n\t\t\t\t\t\t\t\t\t<p>Comparya se r\u00e9serve le droit de modifier les pr\u00e9sentes CGU \u00e0 tout moment. Les nouvelles conditions s&#8217;appliquent d\u00e8s leur mise en ligne. Il est conseill\u00e9 \u00e0 l&#8217;utilisateur de consulter r\u00e9guli\u00e8rement les pr\u00e9sentes conditions.<\/p>\t\t\t\t\t\t\t\t<\/div>\n\t\t\t\t<div class=\"elementor-element elementor-element-b97f856 elementor-widget elementor-widget-heading\" data-id=\"b97f856\" data-element_type=\"widget\" data-e-type=\"widget\" data-widget_type=\"heading.default\">\n\t\t\t\t\t<h3 class=\"elementor-heading-title elementor-size-default\">Article 9 - Droit applicable et juridiction<\/h3>\t\t\t\t<\/div>\n\t\t\t\t<div class=\"elementor-element elementor-element-dd0bb60 elementor-widget elementor-widget-text-editor\" data-id=\"dd0bb60\" data-element_type=\"widget\" data-e-type=\"widget\" data-widget_type=\"text-editor.default\">\n\t\t\t\t\t\t\t\t\t<p>Les pr\u00e9sentes CGU sont r\u00e9gies par le droit fran\u00e7ais. En cas de litige et \u00e0 d\u00e9faut d&#8217;accord amiable, le litige sera port\u00e9 devant les tribunaux fran\u00e7ais conform\u00e9ment aux r\u00e8gles de comp\u00e9tence en vigueur.<\/p>\t\t\t\t\t\t\t\t<\/div>\n\t\t\t\t<div class=\"elementor-element elementor-element-22fae4b elementor-widget elementor-widget-heading\" data-id=\"22fae4b\" data-element_type=\"widget\" data-e-type=\"widget\" data-widget_type=\"heading.default\">\n\t\t\t\t\t<h3 class=\"elementor-heading-title elementor-size-default\">Article 10 - Cookies<\/h3>\t\t\t\t<\/div>\n\t\t\t\t<div class=\"elementor-element elementor-element-b900009 elementor-widget elementor-widget-text-editor\" data-id=\"b900009\" data-element_type=\"widget\" data-e-type=\"widget\" data-widget_type=\"text-editor.default\">\n\t\t\t\t\t\t\t\t\t<p class=\"Paragraphe\"><span lang=\"FR\">L\u2019Utilisateur est inform\u00e9 que lors de ses visites sur le site, un cookie peut s\u2019installer automatiquement sur son logiciel de navigation.<\/span><\/p><p class=\"Paragraphe\"><span lang=\"FR\">\u00a0<\/span><\/p><p class=\"Paragraphe\"><span lang=\"FR\">Les cookies sont de petits fichiers stock\u00e9s temporairement sur le disque dur de l\u2019ordinateur de l\u2019Utilisateur par votre navigateur et qui sont n\u00e9cessaires \u00e0 l\u2019utilisation du site www.comparya.com. Les cookies ne contiennent pas d\u2019information personnelle et ne peuvent pas \u00eatre utilis\u00e9s pour identifier quelqu\u2019un. Un cookie contient un identifiant unique, g\u00e9n\u00e9r\u00e9 al\u00e9atoirement et donc anonyme. Certains cookies expirent \u00e0 la fin de la visite de l\u2019Utilisateur, d\u2019autres restent.<\/span><\/p><p class=\"Paragraphe\"><span lang=\"FR\">\u00a0<\/span><\/p><p class=\"Paragraphe\"><span lang=\"FR\">L\u2019information contenue dans les cookies est utilis\u00e9e pour am\u00e9liorer le site www.comparya.com.<\/span><\/p><p class=\"Paragraphe\"><span lang=\"FR\">\u00a0<\/span><\/p><p class=\"Paragraphe\"><span lang=\"FR\">En naviguant sur le site, L\u2019Utilisateur les accepte.<\/span><\/p><p class=\"Paragraphe\"><span lang=\"FR\">L\u2019Utilisateur doit toutefois donner son consentement quant \u00e0 l\u2019utilisation de certains cookies.<\/span><\/p><p class=\"Paragraphe\"><span lang=\"FR\">A d\u00e9faut d\u2019acceptation, l\u2019Utilisateur est inform\u00e9 que certaines fonctionnalit\u00e9s ou pages risquent de lui \u00eatre refus\u00e9es.<\/span><\/p><p class=\"Paragraphe\"><span lang=\"FR\">L\u2019Utilisateur pourra d\u00e9sactiver ces cookies par l\u2019interm\u00e9diaire des param\u00e8tres figurant au sein de son logiciel de navigation.<\/span><\/p>\t\t\t\t\t\t\t\t<\/div>\n\t\t\t\t<\/div>\n\t\t\t\t\t<\/div>\n\t\t\t\t<\/div>\n\t\t\t\t<\/div>\n\t\t","protected":false},"excerpt":{"rendered":"<p>Conditions G\u00e9n\u00e9rales d&#8217;Utilisation Date de derni\u00e8re mise \u00e0 jour :\u00a017\/03\/2026 Article 1 &#8211; Objet L&#8217;\u00e9dition du site www.comparya.com est assur\u00e9e [&hellip;]<\/p>\n","protected":false},"author":1,"featured_media":0,"parent":0,"menu_order":0,"comment_status":"closed","ping_status":"closed","template":"elementor_header_footer","meta":{"site-sidebar-layout":"no-sidebar","site-content-layout":"","ast-site-content-layout":"full-width-container","site-content-style":"default","site-sidebar-style":"default","ast-global-header-display":"","ast-banner-title-visibility":"","ast-main-header-display":"","ast-hfb-above-header-display":"","ast-hfb-below-header-display":"","ast-hfb-mobile-header-display":"","site-post-title":"","ast-breadcrumbs-content":"","ast-featured-img":"disabled","footer-sml-layout":"","ast-disable-related-posts":"","theme-transparent-header-meta":"","adv-header-id-meta":"","stick-header-meta":"","header-above-stick-meta":"","header-main-stick-meta":"","header-below-stick-meta":"","astra-migrate-meta-layouts":"default","ast-page-background-enabled":"default","ast-page-background-meta":{"desktop":{"background-color":"var(--ast-global-color-5)","background-image":"","background-repeat":"repeat","background-position":"center center","background-size":"auto","background-attachment":"scroll","background-type":"","background-media":"","overlay-type":"","overlay-color":"","overlay-opacity":"","overlay-gradient":""},"tablet":{"background-color":"","background-image":"","background-repeat":"repeat","background-position":"center center","background-size":"auto","background-attachment":"scroll","background-type":"","background-media":"","overlay-type":"","overlay-color":"","overlay-opacity":"","overlay-gradient":""},"mobile":{"background-color":"","background-image":"","background-repeat":"repeat","background-position":"center center","background-size":"auto","background-attachment":"scroll","background-type":"","background-media":"","overlay-type":"","overlay-color":"","overlay-opacity":"","overlay-gradient":""}},"ast-content-background-meta":{"desktop":{"background-color":"var(--ast-global-color-4)","background-image":"","background-repeat":"repeat","background-position":"center center","background-size":"auto","background-attachment":"scroll","background-type":"","background-media":"","overlay-type":"","overlay-color":"","overlay-opacity":"","overlay-gradient":""},"tablet":{"background-color":"var(--ast-global-color-4)","background-image":"","background-repeat":"repeat","background-position":"center center","background-size":"auto","background-attachment":"scroll","background-type":"","background-media":"","overlay-type":"","overlay-color":"","overlay-opacity":"","overlay-gradient":""},"mobile":{"background-color":"var(--ast-global-color-4)","background-image":"","background-repeat":"repeat","background-position":"center center","background-size":"auto","background-attachment":"scroll","background-type":"","background-media":"","overlay-type":"","overlay-color":"","overlay-opacity":"","overlay-gradient":""}},"footnotes":""},"class_list":["post-500","page","type-page","status-publish","hentry"],"_links":{"self":[{"href":"https:\/\/comparya.com\/index.php\/wp-json\/wp\/v2\/pages\/500","targetHints":{"allow":["GET"]}}],"collection":[{"href":"https:\/\/comparya.com\/index.php\/wp-json\/wp\/v2\/pages"}],"about":[{"href":"https:\/\/comparya.com\/index.php\/wp-json\/wp\/v2\/types\/page"}],"author":[{"embeddable":true,"href":"https:\/\/comparya.com\/index.php\/wp-json\/wp\/v2\/users\/1"}],"replies":[{"embeddable":true,"href":"https:\/\/comparya.com\/index.php\/wp-json\/wp\/v2\/comments?post=500"}],"version-history":[{"count":11,"href":"https:\/\/comparya.com\/index.php\/wp-json\/wp\/v2\/pages\/500\/revisions"}],"predecessor-version":[{"id":531,"href":"https:\/\/comparya.com\/index.php\/wp-json\/wp\/v2\/pages\/500\/revisions\/531"}],"wp:attachment":[{"href":"https:\/\/comparya.com\/index.php\/wp-json\/wp\/v2\/media?parent=500"}],"curies":[{"name":"wp","href":"https:\/\/api.w.org\/{rel}","templated":true}]}}