{"id":506,"date":"2026-03-17T18:02:21","date_gmt":"2026-03-17T18:02:21","guid":{"rendered":"https:\/\/comparya.com\/?page_id=506"},"modified":"2026-03-22T12:39:12","modified_gmt":"2026-03-22T12:39:12","slug":"charte-rgpd","status":"publish","type":"page","link":"https:\/\/comparya.com\/index.php\/charte-rgpd\/","title":{"rendered":"Charte RGPD"},"content":{"rendered":"\t\t<div data-elementor-type=\"wp-page\" data-elementor-id=\"506\" class=\"elementor elementor-506\">\n\t\t\t\t<div class=\"elementor-element elementor-element-612a2484 e-con-full e-flex e-con e-parent\" data-id=\"612a2484\" data-element_type=\"container\" data-e-type=\"container\" data-settings=\"{&quot;background_background&quot;:&quot;classic&quot;}\">\n\t\t\t\t<\/div>\n\t\t<div class=\"elementor-element elementor-element-1092915b e-flex e-con-boxed e-con e-parent\" data-id=\"1092915b\" data-element_type=\"container\" data-e-type=\"container\">\n\t\t\t\t\t<div class=\"e-con-inner\">\n\t\t<div class=\"elementor-element elementor-element-38f3a62d e-con-full e-flex e-con e-child\" data-id=\"38f3a62d\" data-element_type=\"container\" data-e-type=\"container\">\n\t\t\t\t<div class=\"elementor-element elementor-element-44a52cd7 elementor-widget elementor-widget-heading\" data-id=\"44a52cd7\" data-element_type=\"widget\" data-e-type=\"widget\" data-widget_type=\"heading.default\">\n\t\t\t\t\t<h1 class=\"elementor-heading-title elementor-size-default\">Charte de Protection des Donn\u00e9es Personnelles (RGPD)<\/h1>\t\t\t\t<\/div>\n\t\t\t\t<div class=\"elementor-element elementor-element-1823b19 elementor-widget elementor-widget-text-editor\" data-id=\"1823b19\" data-element_type=\"widget\" data-e-type=\"widget\" data-widget_type=\"text-editor.default\">\n\t\t\t\t\t\t\t\t\t<p>Date de derni\u00e8re mise \u00e0 jour :\u00a017\/03\/2026<\/p>\t\t\t\t\t\t\t\t<\/div>\n\t\t\t\t<div class=\"elementor-element elementor-element-3d256873 elementor-widget elementor-widget-heading\" data-id=\"3d256873\" data-element_type=\"widget\" data-e-type=\"widget\" data-widget_type=\"heading.default\">\n\t\t\t\t\t<h3 class=\"elementor-heading-title elementor-size-default\">Introduction<\/h3>\t\t\t\t<\/div>\n\t\t\t\t<div class=\"elementor-element elementor-element-502d2fc2 elementor-widget elementor-widget-text-editor\" data-id=\"502d2fc2\" data-element_type=\"widget\" data-e-type=\"widget\" data-widget_type=\"text-editor.default\">\n\t\t\t\t\t\t\t\t\t<p class=\"text-muted-foreground leading-relaxed\">Comparya s&#8217;engage \u00e0 prot\u00e9ger la vie priv\u00e9e et les donn\u00e9es personnelles de ses utilisateurs conform\u00e9ment au R\u00e8glement G\u00e9n\u00e9ral sur la Protection des Donn\u00e9es (RGPD) et \u00e0 la loi Informatique et Libert\u00e9s.<\/p><p class=\"text-muted-foreground leading-relaxed mt-4\">Cette charte a pour objectif de vous informer de mani\u00e8re claire et transparente sur la collecte, l&#8217;utilisation et la protection de vos donn\u00e9es personnelles.<\/p>\t\t\t\t\t\t\t\t<\/div>\n\t\t\t\t<div class=\"elementor-element elementor-element-168fb40f elementor-widget elementor-widget-heading\" data-id=\"168fb40f\" data-element_type=\"widget\" data-e-type=\"widget\" data-widget_type=\"heading.default\">\n\t\t\t\t\t<h3 class=\"elementor-heading-title elementor-size-default\">1. Responsable du traitement<\/h3>\t\t\t\t<\/div>\n\t\t\t\t<div class=\"elementor-element elementor-element-e59bc44 elementor-widget elementor-widget-text-editor\" data-id=\"e59bc44\" data-element_type=\"widget\" data-e-type=\"widget\" data-widget_type=\"text-editor.default\">\n\t\t\t\t\t\t\t\t\t<p>Les donn\u00e9es \u00e0 caract\u00e8re personnelles sont collect\u00e9es par [<em>MNET GROUPE INC<\/em>], au capital de 5000,00\u20ac, dont le num\u00e9ro d\u2019immatriculation est le 1173148413<\/p><p>Le responsable du traitement des donn\u00e9es \u00e0 caract\u00e8re personnel peut \u00eatre contact\u00e9 de la mani\u00e8re suivante :\u00a0<\/p><p>Par courrier \u00e0 l\u2019adresse :\u00a0 RCS de LAVAL sous le num\u00e9ro 1173148413, dont le si\u00e8ge social est situ\u00e9 au 1876 boulevard des Laurentides suite 207 H7M2S4 LAVAL CANADA<\/p><p>Par t\u00e9l\u00e9phone, au;\u00a0 +1 438-763-5006<\/p><p>Par mail : contact @ mnetgroupe.com<\/p>\t\t\t\t\t\t\t\t<\/div>\n\t\t\t\t<div class=\"elementor-element elementor-element-661db3a5 elementor-widget elementor-widget-heading\" data-id=\"661db3a5\" data-element_type=\"widget\" data-e-type=\"widget\" data-widget_type=\"heading.default\">\n\t\t\t\t\t<h3 class=\"elementor-heading-title elementor-size-default\">2. Donn\u00e9es collect\u00e9es<\/h3>\t\t\t\t<\/div>\n\t\t\t\t<div class=\"elementor-element elementor-element-66e868bc elementor-widget elementor-widget-text-editor\" data-id=\"66e868bc\" data-element_type=\"widget\" data-e-type=\"widget\" data-widget_type=\"text-editor.default\">\n\t\t\t\t\t\t\t\t\t<p class=\"text-muted-foreground leading-relaxed mb-4\">Nous collectons les donn\u00e9es personnelles suivantes lorsque vous utilisez notre formulaire de contact :<\/p><ul class=\"list-disc pl-6 text-muted-foreground space-y-2\"><li>Nom et pr\u00e9nom<\/li><li>Adresse email<\/li><li>Num\u00e9ro de t\u00e9l\u00e9phone<\/li><\/ul><p class=\"text-muted-foreground leading-relaxed mt-4\">Ces donn\u00e9es sont collect\u00e9es directement aupr\u00e8s de vous lorsque vous remplissez le formulaire de contact pr\u00e9sent sur notre site.<\/p>\t\t\t\t\t\t\t\t<\/div>\n\t\t\t\t<div class=\"elementor-element elementor-element-55e0d7cc elementor-widget elementor-widget-heading\" data-id=\"55e0d7cc\" data-element_type=\"widget\" data-e-type=\"widget\" data-widget_type=\"heading.default\">\n\t\t\t\t\t<h3 class=\"elementor-heading-title elementor-size-default\">3. Finalit\u00e9s du traitement<\/h3>\t\t\t\t<\/div>\n\t\t\t\t<div class=\"elementor-element elementor-element-48d13618 elementor-widget elementor-widget-text-editor\" data-id=\"48d13618\" data-element_type=\"widget\" data-e-type=\"widget\" data-widget_type=\"text-editor.default\">\n\t\t\t\t\t\t\t\t\t<p class=\"text-muted-foreground leading-relaxed mb-4\">Vos donn\u00e9es personnelles sont collect\u00e9es et trait\u00e9es pour les finalit\u00e9s suivantes :<\/p><ul class=\"list-disc pl-6 text-muted-foreground space-y-2\"><li>R\u00e9pondre \u00e0 vos demandes d&#8217;information sur l&#8217;assurance habitation<\/li><li>Vous recontacter par email ou t\u00e9l\u00e9phone concernant votre demande<\/li><li>Am\u00e9liorer nos services et notre site web<\/li><\/ul>\t\t\t\t\t\t\t\t<\/div>\n\t\t\t\t<div class=\"elementor-element elementor-element-4fc838ca elementor-widget elementor-widget-heading\" data-id=\"4fc838ca\" data-element_type=\"widget\" data-e-type=\"widget\" data-widget_type=\"heading.default\">\n\t\t\t\t\t<h3 class=\"elementor-heading-title elementor-size-default\">4. Base l\u00e9gale du traitement<\/h3>\t\t\t\t<\/div>\n\t\t\t\t<div class=\"elementor-element elementor-element-32c40907 elementor-widget elementor-widget-text-editor\" data-id=\"32c40907\" data-element_type=\"widget\" data-e-type=\"widget\" data-widget_type=\"text-editor.default\">\n\t\t\t\t\t\t\t\t\t<p>Le traitement de vos donn\u00e9es repose sur votre consentement, que vous nous donnez en remplissant et en soumettant le formulaire de contact. Vous pouvez retirer votre consentement \u00e0 tout moment en nous contactant \u00e0 l&#8217;adresse : contact@comparya.com<\/p>\t\t\t\t\t\t\t\t<\/div>\n\t\t\t\t<div class=\"elementor-element elementor-element-49542839 elementor-widget elementor-widget-heading\" data-id=\"49542839\" data-element_type=\"widget\" data-e-type=\"widget\" data-widget_type=\"heading.default\">\n\t\t\t\t\t<h3 class=\"elementor-heading-title elementor-size-default\">5. Destinataires des donn\u00e9es<\/h3>\t\t\t\t<\/div>\n\t\t\t\t<div class=\"elementor-element elementor-element-470cdadf elementor-widget elementor-widget-text-editor\" data-id=\"470cdadf\" data-element_type=\"widget\" data-e-type=\"widget\" data-widget_type=\"text-editor.default\">\n\t\t\t\t\t\t\t\t\t<p>Vos donn\u00e9es personnelles sont destin\u00e9es exclusivement aux services de Comparya et ses partenaires. Nous ne vendons, ne louons et ne partageons pas vos donn\u00e9es avec des tiers, sauf obligation l\u00e9gale.<\/p>\t\t\t\t\t\t\t\t<\/div>\n\t\t\t\t<div class=\"elementor-element elementor-element-3eccab92 elementor-widget elementor-widget-heading\" data-id=\"3eccab92\" data-element_type=\"widget\" data-e-type=\"widget\" data-widget_type=\"heading.default\">\n\t\t\t\t\t<h3 class=\"elementor-heading-title elementor-size-default\">6. Dur\u00e9e de conservation<\/h3>\t\t\t\t<\/div>\n\t\t\t\t<div class=\"elementor-element elementor-element-3ad05edf elementor-widget elementor-widget-text-editor\" data-id=\"3ad05edf\" data-element_type=\"widget\" data-e-type=\"widget\" data-widget_type=\"text-editor.default\">\n\t\t\t\t\t\t\t\t\t<p>Vos donn\u00e9es sont conserv\u00e9es pendant une dur\u00e9e de 3 ans \u00e0 compter de notre dernier contact avec vous. Pass\u00e9 ce d\u00e9lai, vos donn\u00e9es sont supprim\u00e9es de nos syst\u00e8mes, sauf obligation l\u00e9gale de conservation plus longue.<\/p>\t\t\t\t\t\t\t\t<\/div>\n\t\t\t\t<div class=\"elementor-element elementor-element-3751dc7 elementor-widget elementor-widget-heading\" data-id=\"3751dc7\" data-element_type=\"widget\" data-e-type=\"widget\" data-widget_type=\"heading.default\">\n\t\t\t\t\t<h3 class=\"elementor-heading-title elementor-size-default\">7. Vos droits<\/h3>\t\t\t\t<\/div>\n\t\t\t\t<div class=\"elementor-element elementor-element-cfbc5c6 elementor-widget elementor-widget-text-editor\" data-id=\"cfbc5c6\" data-element_type=\"widget\" data-e-type=\"widget\" data-widget_type=\"text-editor.default\">\n\t\t\t\t\t\t\t\t\t<p class=\"text-muted-foreground leading-relaxed mb-4\">Conform\u00e9ment au RGPD, vous disposez des droits suivants concernant vos donn\u00e9es personnelles :<\/p><ul class=\"list-disc pl-6 text-muted-foreground space-y-2\"><li><strong>Droit d&#8217;acc\u00e8s :<\/strong>\u00a0Vous pouvez demander \u00e0 consulter les donn\u00e9es que nous d\u00e9tenons sur vous<\/li><li><strong>Droit de rectification :<\/strong>\u00a0Vous pouvez demander la correction de donn\u00e9es inexactes ou incompl\u00e8tes<\/li><li><strong>Droit \u00e0 l&#8217;effacement :<\/strong>\u00a0Vous pouvez demander la suppression de vos donn\u00e9es personnelles<\/li><li><strong>Droit \u00e0 la limitation :<\/strong>\u00a0Vous pouvez demander la limitation du traitement de vos donn\u00e9es<\/li><li><strong>Droit \u00e0 la portabilit\u00e9 :<\/strong>\u00a0Vous pouvez demander \u00e0 recevoir vos donn\u00e9es dans un format structur\u00e9<\/li><li><strong>Droit d&#8217;opposition :<\/strong>\u00a0Vous pouvez vous opposer au traitement de vos donn\u00e9es<\/li><\/ul><p class=\"text-muted-foreground leading-relaxed mt-4\">Pour exercer ces droits, contactez-nous \u00e0 :\u00a0<strong>contact@comparya.com<\/strong><\/p>\t\t\t\t\t\t\t\t<\/div>\n\t\t\t\t<div class=\"elementor-element elementor-element-6e122d7 elementor-widget elementor-widget-heading\" data-id=\"6e122d7\" data-element_type=\"widget\" data-e-type=\"widget\" data-widget_type=\"heading.default\">\n\t\t\t\t\t<h3 class=\"elementor-heading-title elementor-size-default\">8. S\u00e9curit\u00e9 des donn\u00e9es<\/h3>\t\t\t\t<\/div>\n\t\t\t\t<div class=\"elementor-element elementor-element-51691bc elementor-widget elementor-widget-text-editor\" data-id=\"51691bc\" data-element_type=\"widget\" data-e-type=\"widget\" data-widget_type=\"text-editor.default\">\n\t\t\t\t\t\t\t\t\t<p>Nous mettons en \u0153uvre toutes les mesures techniques et organisationnelles appropri\u00e9es pour prot\u00e9ger vos donn\u00e9es personnelles contre tout acc\u00e8s non autoris\u00e9, perte, destruction ou divulgation accidentelle. Le site utilise le protocole HTTPS pour s\u00e9curiser les transmissions de donn\u00e9es.<\/p>\t\t\t\t\t\t\t\t<\/div>\n\t\t\t\t<div class=\"elementor-element elementor-element-fc506eb elementor-widget elementor-widget-heading\" data-id=\"fc506eb\" data-element_type=\"widget\" data-e-type=\"widget\" data-widget_type=\"heading.default\">\n\t\t\t\t\t<h3 class=\"elementor-heading-title elementor-size-default\">9. Cookies<\/h3>\t\t\t\t<\/div>\n\t\t\t\t<div class=\"elementor-element elementor-element-f7fbc88 elementor-widget elementor-widget-text-editor\" data-id=\"f7fbc88\" data-element_type=\"widget\" data-e-type=\"widget\" data-widget_type=\"text-editor.default\">\n\t\t\t\t\t\t\t\t\t<p>Notre site peut utiliser des cookies pour am\u00e9liorer votre exp\u00e9rience de navigation. Vous pouvez configurer votre navigateur pour refuser les cookies ou \u00eatre averti lorsqu&#8217;un cookie est d\u00e9pos\u00e9.<\/p>\t\t\t\t\t\t\t\t<\/div>\n\t\t\t\t<div class=\"elementor-element elementor-element-2872947 elementor-widget elementor-widget-heading\" data-id=\"2872947\" data-element_type=\"widget\" data-e-type=\"widget\" data-widget_type=\"heading.default\">\n\t\t\t\t\t<h3 class=\"elementor-heading-title elementor-size-default\">10. Modifications de la charte\n<\/h3>\t\t\t\t<\/div>\n\t\t\t\t<div class=\"elementor-element elementor-element-90108be elementor-widget elementor-widget-text-editor\" data-id=\"90108be\" data-element_type=\"widget\" data-e-type=\"widget\" data-widget_type=\"text-editor.default\">\n\t\t\t\t\t\t\t\t\t<p>Nous nous r\u00e9servons le droit de modifier cette charte de protection des donn\u00e9es \u00e0 tout moment. Les modifications entrent en vigueur d\u00e8s leur publication sur cette page. Nous vous encourageons \u00e0 consulter r\u00e9guli\u00e8rement cette page pour rester inform\u00e9.<\/p>\t\t\t\t\t\t\t\t<\/div>\n\t\t\t\t<div class=\"elementor-element elementor-element-cf057d0 elementor-widget elementor-widget-heading\" data-id=\"cf057d0\" data-element_type=\"widget\" data-e-type=\"widget\" data-widget_type=\"heading.default\">\n\t\t\t\t\t<h3 class=\"elementor-heading-title elementor-size-default\">11. R\u00e9clamations<\/h3>\t\t\t\t<\/div>\n\t\t\t\t<div class=\"elementor-element elementor-element-ed854c4 elementor-widget elementor-widget-text-editor\" data-id=\"ed854c4\" data-element_type=\"widget\" data-e-type=\"widget\" data-widget_type=\"text-editor.default\">\n\t\t\t\t\t\t\t\t\t<p>Si vous estimez que vos droits ne sont pas respect\u00e9s, vous avez le droit d&#8217;introduire une r\u00e9clamation aupr\u00e8s de la Commission Nationale de l&#8217;Informatique et des Libert\u00e9s (CNIL) :<br \/><strong>CNIL<\/strong><br \/>3 Place de Fontenoy<br \/>TSA 80715<br \/>75334 Paris Cedex 07<br \/>Site web :\u00a0<a class=\"text-primary hover:underline\" href=\"https:\/\/www.cnil.fr\/\" target=\"_blank\" rel=\"noopener noreferrer\">www.cnil.fr<\/a><\/p>\t\t\t\t\t\t\t\t<\/div>\n\t\t\t\t<div class=\"elementor-element elementor-element-69e6536 elementor-widget elementor-widget-heading\" data-id=\"69e6536\" data-element_type=\"widget\" data-e-type=\"widget\" data-widget_type=\"heading.default\">\n\t\t\t\t\t<h3 class=\"elementor-heading-title elementor-size-default\">12. Contact<\/h3>\t\t\t\t<\/div>\n\t\t\t\t<div class=\"elementor-element elementor-element-fe2746e elementor-widget elementor-widget-text-editor\" data-id=\"fe2746e\" data-element_type=\"widget\" data-e-type=\"widget\" data-widget_type=\"text-editor.default\">\n\t\t\t\t\t\t\t\t\t<p>Pour toute question relative \u00e0 la protection de vos donn\u00e9es personnelles ou pour exercer vos droits, vous pouvez nous contacter :<br \/><strong>Email :<\/strong> contact@comparya.com<\/p>\t\t\t\t\t\t\t\t<\/div>\n\t\t\t\t<\/div>\n\t\t\t\t\t<\/div>\n\t\t\t\t<\/div>\n\t\t\t\t<\/div>\n\t\t","protected":false},"excerpt":{"rendered":"<p>Charte de Protection des Donn\u00e9es Personnelles (RGPD) Date de derni\u00e8re mise \u00e0 jour :\u00a017\/03\/2026 Introduction Comparya s&#8217;engage \u00e0 prot\u00e9ger la [&hellip;]<\/p>\n","protected":false},"author":1,"featured_media":0,"parent":0,"menu_order":0,"comment_status":"closed","ping_status":"closed","template":"elementor_header_footer","meta":{"site-sidebar-layout":"no-sidebar","site-content-layout":"","ast-site-content-layout":"full-width-container","site-content-style":"default","site-sidebar-style":"default","ast-global-header-display":"","ast-banner-title-visibility":"","ast-main-header-display":"","ast-hfb-above-header-display":"","ast-hfb-below-header-display":"","ast-hfb-mobile-header-display":"","site-post-title":"","ast-breadcrumbs-content":"","ast-featured-img":"disabled","footer-sml-layout":"","ast-disable-related-posts":"","theme-transparent-header-meta":"","adv-header-id-meta":"","stick-header-meta":"","header-above-stick-meta":"","header-main-stick-meta":"","header-below-stick-meta":"","astra-migrate-meta-layouts":"default","ast-page-background-enabled":"default","ast-page-background-meta":{"desktop":{"background-color":"var(--ast-global-color-5)","background-image":"","background-repeat":"repeat","background-position":"center center","background-size":"auto","background-attachment":"scroll","background-type":"","background-media":"","overlay-type":"","overlay-color":"","overlay-opacity":"","overlay-gradient":""},"tablet":{"background-color":"","background-image":"","background-repeat":"repeat","background-position":"center center","background-size":"auto","background-attachment":"scroll","background-type":"","background-media":"","overlay-type":"","overlay-color":"","overlay-opacity":"","overlay-gradient":""},"mobile":{"background-color":"","background-image":"","background-repeat":"repeat","background-position":"center center","background-size":"auto","background-attachment":"scroll","background-type":"","background-media":"","overlay-type":"","overlay-color":"","overlay-opacity":"","overlay-gradient":""}},"ast-content-background-meta":{"desktop":{"background-color":"var(--ast-global-color-4)","background-image":"","background-repeat":"repeat","background-position":"center center","background-size":"auto","background-attachment":"scroll","background-type":"","background-media":"","overlay-type":"","overlay-color":"","overlay-opacity":"","overlay-gradient":""},"tablet":{"background-color":"var(--ast-global-color-4)","background-image":"","background-repeat":"repeat","background-position":"center center","background-size":"auto","background-attachment":"scroll","background-type":"","background-media":"","overlay-type":"","overlay-color":"","overlay-opacity":"","overlay-gradient":""},"mobile":{"background-color":"var(--ast-global-color-4)","background-image":"","background-repeat":"repeat","background-position":"center center","background-size":"auto","background-attachment":"scroll","background-type":"","background-media":"","overlay-type":"","overlay-color":"","overlay-opacity":"","overlay-gradient":""}},"footnotes":""},"class_list":["post-506","page","type-page","status-publish","hentry"],"_links":{"self":[{"href":"https:\/\/comparya.com\/index.php\/wp-json\/wp\/v2\/pages\/506","targetHints":{"allow":["GET"]}}],"collection":[{"href":"https:\/\/comparya.com\/index.php\/wp-json\/wp\/v2\/pages"}],"about":[{"href":"https:\/\/comparya.com\/index.php\/wp-json\/wp\/v2\/types\/page"}],"author":[{"embeddable":true,"href":"https:\/\/comparya.com\/index.php\/wp-json\/wp\/v2\/users\/1"}],"replies":[{"embeddable":true,"href":"https:\/\/comparya.com\/index.php\/wp-json\/wp\/v2\/comments?post=506"}],"version-history":[{"count":8,"href":"https:\/\/comparya.com\/index.php\/wp-json\/wp\/v2\/pages\/506\/revisions"}],"predecessor-version":[{"id":537,"href":"https:\/\/comparya.com\/index.php\/wp-json\/wp\/v2\/pages\/506\/revisions\/537"}],"wp:attachment":[{"href":"https:\/\/comparya.com\/index.php\/wp-json\/wp\/v2\/media?parent=506"}],"curies":[{"name":"wp","href":"https:\/\/api.w.org\/{rel}","templated":true}]}}